{"id":2,"date":"2024-09-11T16:13:10","date_gmt":"2024-09-11T16:13:10","guid":{"rendered":"https:\/\/psykoterapeuttisalonen.fi\/?page_id=2"},"modified":"2024-09-11T21:17:54","modified_gmt":"2024-09-11T19:17:54","slug":"psykoterapia-salonen-3","status":"publish","type":"page","link":"https:\/\/psykoterapeuttisalonen.fi\/","title":{"rendered":"Psykoterapia ja ty\u00f6nohjaus Sari Salonen"},"content":{"rendered":"\t\t<div data-elementor-type=\"wp-page\" data-elementor-id=\"2\" class=\"elementor elementor-2\">\n\t\t\t\t<div class=\"elementor-element elementor-element-92b5dbf e-grid e-con-full wpr-particle-no wpr-jarallax-no wpr-parallax-no wpr-sticky-section-no e-con e-parent\" data-id=\"92b5dbf\" data-element_type=\"container\">\n\t\t\t\t<div class=\"elementor-element elementor-element-c08a00b elementor-widget__width-initial elementor-widget elementor-widget-text-editor\" data-id=\"c08a00b\" data-element_type=\"widget\" data-widget_type=\"text-editor.default\">\n\t\t\t\t<div class=\"elementor-widget-container\">\n\t\t\t\t\t\t\t<ul><li><p>traumapsykoterapeutti, erityistaso<\/p><\/li><li><p>VALVIRAN hyv\u00e4ksynt\u00e4 ja rekister\u00f6inti<\/p><\/li><li><p>KELA-p\u00e4tevyys, kuntoutuspsykoterapian palveluntuottaja<\/p><\/li><\/ul>\t\t\t\t\t\t<\/div>\n\t\t\t\t<\/div>\n\t\t\t\t<div class=\"elementor-element elementor-element-776051d elementor-widget__width-initial elementor-widget elementor-widget-image\" data-id=\"776051d\" data-element_type=\"widget\" data-widget_type=\"image.default\">\n\t\t\t\t<div class=\"elementor-widget-container\">\n\t\t\t\t\t\t\t\t\t\t\t\t\t<img fetchpriority=\"high\" decoding=\"async\" width=\"274\" height=\"300\" src=\"https:\/\/psykoterapeuttisalonen.fi\/wp-content\/uploads\/2024\/09\/psykoterapeuttisalonen-274x300.jpg\" class=\"attachment-medium size-medium wp-image-27\" alt=\"\" srcset=\"https:\/\/psykoterapeuttisalonen.fi\/wp-content\/uploads\/2024\/09\/psykoterapeuttisalonen-274x300.jpg 274w, https:\/\/psykoterapeuttisalonen.fi\/wp-content\/uploads\/2024\/09\/psykoterapeuttisalonen-934x1024.jpg 934w, https:\/\/psykoterapeuttisalonen.fi\/wp-content\/uploads\/2024\/09\/psykoterapeuttisalonen-768x842.jpg 768w, https:\/\/psykoterapeuttisalonen.fi\/wp-content\/uploads\/2024\/09\/psykoterapeuttisalonen.jpg 1000w\" sizes=\"(max-width: 274px) 100vw, 274px\" \/>\t\t\t\t\t\t\t\t\t\t\t\t\t<\/div>\n\t\t\t\t<\/div>\n\t\t\t\t<\/div>\n\t\t<div class=\"elementor-element elementor-element-6dad0d5d e-flex e-con-boxed wpr-particle-no wpr-jarallax-no wpr-parallax-no wpr-sticky-section-no e-con e-parent\" data-id=\"6dad0d5d\" data-element_type=\"container\">\n\t\t\t\t\t<div class=\"e-con-inner\">\n\t\t<div class=\"elementor-element elementor-element-9c60d56 e-flex e-con-boxed wpr-particle-no wpr-jarallax-no wpr-parallax-no wpr-sticky-section-no e-con e-child\" data-id=\"9c60d56\" data-element_type=\"container\">\n\t\t\t\t\t<div class=\"e-con-inner\">\n\t\t\t\t<div class=\"elementor-element elementor-element-ea233af elementor-widget elementor-widget-text-editor\" data-id=\"ea233af\" data-element_type=\"widget\" data-widget_type=\"text-editor.default\">\n\t\t\t\t<div class=\"elementor-widget-container\">\n\t\t\t\t\t\t\t<p>Orientaatioltani olen yksil\u00f6ty\u00f6t\u00e4 tekev\u00e4 traumapsykoterapeutti, vastaanotan nuoria ja aikuisia. Tarjoan p\u00e4\u00e4osin pitk\u00e4kestoista psykoterapiaa, mutta my\u00f6s lyhyempi\u00e4 psykoterapioita tai kriisihoitoja \/ selvittelyit\u00e4 esim. el\u00e4m\u00e4n kriisitilanteissa.<\/p>\t\t\t\t\t\t<\/div>\n\t\t\t\t<\/div>\n\t\t\t\t\t<\/div>\n\t\t\t\t<\/div>\n\t\t\t\t\t<\/div>\n\t\t\t\t<\/div>\n\t\t<div class=\"elementor-element elementor-element-8e7e065 e-flex e-con-boxed wpr-particle-no wpr-jarallax-no wpr-parallax-no wpr-sticky-section-no e-con e-parent\" data-id=\"8e7e065\" data-element_type=\"container\">\n\t\t\t\t\t<div class=\"e-con-inner\">\n\t\t\t\t<div class=\"elementor-element elementor-element-a293e1a elementor-widget elementor-widget-text-editor\" data-id=\"a293e1a\" data-element_type=\"widget\" data-widget_type=\"text-editor.default\">\n\t\t\t\t<div class=\"elementor-widget-container\">\n\t\t\t\t\t\t\t<p>Ty\u00f6nohjausta tarjoan terveydenhuollon ja sosiaalialan ammattihenkil\u00f6ille.<\/p>\t\t\t\t\t\t<\/div>\n\t\t\t\t<\/div>\n\t\t\t\t<div class=\"elementor-element elementor-element-d6db9d7 elementor-widget elementor-widget-text-editor\" data-id=\"d6db9d7\" data-element_type=\"widget\" data-widget_type=\"text-editor.default\">\n\t\t\t\t<div class=\"elementor-widget-container\">\n\t\t\t\t\t\t\t<p>Yksityisen\u00e4 psykoterapeuttina omalla vastaanotollani olen toiminut vuodesta 2005, sit\u00e4 edelt\u00e4v\u00e4sti taustallani on yli 15 vuoden kokemus psykiatrisesta hoitoty\u00f6st\u00e4.<\/p>\t\t\t\t\t\t<\/div>\n\t\t\t\t<\/div>\n\t\t\t\t<div class=\"elementor-element elementor-element-cede3ad elementor-widget-divider--view-line elementor-widget elementor-widget-divider\" data-id=\"cede3ad\" data-element_type=\"widget\" data-widget_type=\"divider.default\">\n\t\t\t\t<div class=\"elementor-widget-container\">\n\t\t\t\t\t<div class=\"elementor-divider\">\n\t\t\t<span class=\"elementor-divider-separator\">\n\t\t\t\t\t\t<\/span>\n\t\t<\/div>\n\t\t\t\t<\/div>\n\t\t\t\t<\/div>\n\t\t\t\t\t<\/div>\n\t\t\t\t<\/div>\n\t\t<div class=\"elementor-element elementor-element-bd4eb22 e-grid e-con-boxed wpr-particle-no wpr-jarallax-no wpr-parallax-no wpr-sticky-section-no e-con e-parent\" data-id=\"bd4eb22\" data-element_type=\"container\">\n\t\t\t\t\t<div class=\"e-con-inner\">\n\t\t\t\t<div class=\"elementor-element elementor-element-60c6695 elementor-widget elementor-widget-image\" data-id=\"60c6695\" data-element_type=\"widget\" data-widget_type=\"image.default\">\n\t\t\t\t<div class=\"elementor-widget-container\">\n\t\t\t\t\t\t\t\t\t\t\t\t\t<img decoding=\"async\" width=\"300\" height=\"300\" src=\"https:\/\/psykoterapeuttisalonen.fi\/wp-content\/uploads\/2024\/09\/psykoterapeuttisalonen-vastaanotto-300x300.jpg\" class=\"attachment-medium size-medium wp-image-70\" alt=\"\" srcset=\"https:\/\/psykoterapeuttisalonen.fi\/wp-content\/uploads\/2024\/09\/psykoterapeuttisalonen-vastaanotto-300x300.jpg 300w, https:\/\/psykoterapeuttisalonen.fi\/wp-content\/uploads\/2024\/09\/psykoterapeuttisalonen-vastaanotto-150x150.jpg 150w, https:\/\/psykoterapeuttisalonen.fi\/wp-content\/uploads\/2024\/09\/psykoterapeuttisalonen-vastaanotto-768x768.jpg 768w, https:\/\/psykoterapeuttisalonen.fi\/wp-content\/uploads\/2024\/09\/psykoterapeuttisalonen-vastaanotto-75x75.jpg 75w, https:\/\/psykoterapeuttisalonen.fi\/wp-content\/uploads\/2024\/09\/psykoterapeuttisalonen-vastaanotto.jpg 1000w\" sizes=\"(max-width: 300px) 100vw, 300px\" \/>\t\t\t\t\t\t\t\t\t\t\t\t\t<\/div>\n\t\t\t\t<\/div>\n\t\t\t\t<div class=\"elementor-element elementor-element-b411d36 elementor-widget elementor-widget-text-editor\" data-id=\"b411d36\" data-element_type=\"widget\" data-widget_type=\"text-editor.default\">\n\t\t\t\t<div class=\"elementor-widget-container\">\n\t\t\t\t\t\t\t<p><strong>Yhteystiedot<\/strong><\/p><p>vastaanotto osoitteessa:<br \/>Yliopistonkatu 24B25<br \/>20100 Turku<br \/>p. 040 7340 520<br \/>e-mail: salonensari@dnainternet.net<br \/><strong>Vastaanotto vain ajanvarauksella.<\/strong><\/p>\t\t\t\t\t\t<\/div>\n\t\t\t\t<\/div>\n\t\t\t\t\t<\/div>\n\t\t\t\t<\/div>\n\t\t\t\t<\/div>\n\t\t","protected":false},"excerpt":{"rendered":"<p>traumapsykoterapeutti, erityistaso VALVIRAN hyv\u00e4ksynt\u00e4 ja rekister\u00f6inti KELA-p\u00e4tevyys, kuntoutuspsykoterapian palveluntuottaja Orientaatioltani olen yksil\u00f6ty\u00f6t\u00e4 tekev\u00e4 traumapsykoterapeutti, vastaanotan nuoria ja aikuisia. Tarjoan p\u00e4\u00e4osin pitk\u00e4kestoista psykoterapiaa, mutta my\u00f6s lyhyempi\u00e4 psykoterapioita tai kriisihoitoja \/ selvittelyit\u00e4 esim. el\u00e4m\u00e4n kriisitilanteissa. Ty\u00f6nohjausta tarjoan terveydenhuollon ja sosiaalialan ammattihenkil\u00f6ille. Yksityisen\u00e4 psykoterapeuttina omalla vastaanotollani olen toiminut vuodesta 2005, sit\u00e4 edelt\u00e4v\u00e4sti taustallani on yli 15 vuoden kokemus psykiatrisesta hoitoty\u00f6st\u00e4. Yhteystiedot vastaanotto osoitteessa:Yliopistonkatu 24B2520100 Turkup. 040 7340 520e-mail: salonensari@dnainternet.netVastaanotto vain ajanvarauksella.<\/p>\n","protected":false},"author":1,"featured_media":0,"parent":0,"menu_order":0,"comment_status":"closed","ping_status":"closed","template":"","meta":{"footnotes":""},"class_list":["post-2","page","type-page","status-publish","hentry"],"yoast_head":"<!-- This site is optimized with the Yoast SEO plugin v23.4 - https:\/\/yoast.com\/wordpress\/plugins\/seo\/ -->\n<title>Psykoterapia ja ty\u00f6nohjaus Sari Salonen - Psykoterapeutti Sari Salonen<\/title>\n<meta name=\"robots\" content=\"index, follow, max-snippet:-1, max-image-preview:large, max-video-preview:-1\" \/>\n<link rel=\"canonical\" href=\"https:\/\/psykoterapeuttisalonen.fi\/\" \/>\n<meta property=\"og:locale\" content=\"fi_FI\" \/>\n<meta property=\"og:type\" content=\"article\" \/>\n<meta property=\"og:title\" content=\"Psykoterapia ja ty\u00f6nohjaus Sari Salonen - Psykoterapeutti Sari Salonen\" \/>\n<meta property=\"og:description\" content=\"traumapsykoterapeutti, erityistaso VALVIRAN hyv\u00e4ksynt\u00e4 ja rekister\u00f6inti KELA-p\u00e4tevyys, kuntoutuspsykoterapian palveluntuottaja Orientaatioltani olen yksil\u00f6ty\u00f6t\u00e4 tekev\u00e4 traumapsykoterapeutti, vastaanotan nuoria ja aikuisia. Tarjoan p\u00e4\u00e4osin pitk\u00e4kestoista psykoterapiaa, mutta my\u00f6s lyhyempi\u00e4 psykoterapioita tai kriisihoitoja \/ selvittelyit\u00e4 esim. el\u00e4m\u00e4n kriisitilanteissa. Ty\u00f6nohjausta tarjoan terveydenhuollon ja sosiaalialan ammattihenkil\u00f6ille. Yksityisen\u00e4 psykoterapeuttina omalla vastaanotollani olen toiminut vuodesta 2005, sit\u00e4 edelt\u00e4v\u00e4sti taustallani on yli 15 vuoden kokemus psykiatrisesta hoitoty\u00f6st\u00e4. Yhteystiedot vastaanotto osoitteessa:Yliopistonkatu 24B2520100 Turkup. 040 7340 520e-mail: salonensari@dnainternet.netVastaanotto vain ajanvarauksella.\" \/>\n<meta property=\"og:url\" content=\"https:\/\/psykoterapeuttisalonen.fi\/\" \/>\n<meta property=\"og:site_name\" content=\"Psykoterapeutti Sari Salonen\" \/>\n<meta property=\"article:modified_time\" content=\"2024-09-11T19:17:54+00:00\" \/>\n<meta property=\"og:image\" content=\"https:\/\/psykoterapeuttisalonen.fi\/wp-content\/uploads\/2024\/09\/psykoterapeuttisalonen-274x300.jpg\" \/>\n<meta name=\"twitter:card\" content=\"summary_large_image\" \/>\n<script type=\"application\/ld+json\" class=\"yoast-schema-graph\">{\"@context\":\"https:\/\/schema.org\",\"@graph\":[{\"@type\":\"WebPage\",\"@id\":\"https:\/\/psykoterapeuttisalonen.fi\/\",\"url\":\"https:\/\/psykoterapeuttisalonen.fi\/\",\"name\":\"Psykoterapia ja ty\u00f6nohjaus Sari Salonen - Psykoterapeutti Sari Salonen\",\"isPartOf\":{\"@id\":\"https:\/\/psykoterapeuttisalonen.fi\/#website\"},\"primaryImageOfPage\":{\"@id\":\"https:\/\/psykoterapeuttisalonen.fi\/#primaryimage\"},\"image\":{\"@id\":\"https:\/\/psykoterapeuttisalonen.fi\/#primaryimage\"},\"thumbnailUrl\":\"https:\/\/psykoterapeuttisalonen.fi\/wp-content\/uploads\/2024\/09\/psykoterapeuttisalonen-274x300.jpg\",\"datePublished\":\"2024-09-11T16:13:10+00:00\",\"dateModified\":\"2024-09-11T19:17:54+00:00\",\"breadcrumb\":{\"@id\":\"https:\/\/psykoterapeuttisalonen.fi\/#breadcrumb\"},\"inLanguage\":\"fi\",\"potentialAction\":[{\"@type\":\"ReadAction\",\"target\":[\"https:\/\/psykoterapeuttisalonen.fi\/\"]}]},{\"@type\":\"ImageObject\",\"inLanguage\":\"fi\",\"@id\":\"https:\/\/psykoterapeuttisalonen.fi\/#primaryimage\",\"url\":\"https:\/\/psykoterapeuttisalonen.fi\/wp-content\/uploads\/2024\/09\/psykoterapeuttisalonen.jpg\",\"contentUrl\":\"https:\/\/psykoterapeuttisalonen.fi\/wp-content\/uploads\/2024\/09\/psykoterapeuttisalonen.jpg\",\"width\":1000,\"height\":1096},{\"@type\":\"BreadcrumbList\",\"@id\":\"https:\/\/psykoterapeuttisalonen.fi\/#breadcrumb\",\"itemListElement\":[{\"@type\":\"ListItem\",\"position\":1,\"name\":\"Etusivu\",\"item\":\"https:\/\/psykoterapeuttisalonen.fi\/\"},{\"@type\":\"ListItem\",\"position\":2,\"name\":\"Psykoterapia ja ty\u00f6nohjaus Sari Salonen\"}]},{\"@type\":\"WebSite\",\"@id\":\"https:\/\/psykoterapeuttisalonen.fi\/#website\",\"url\":\"https:\/\/psykoterapeuttisalonen.fi\/\",\"name\":\"Psykoterapeutti Sari Salonen\",\"description\":\"\",\"publisher\":{\"@id\":\"https:\/\/psykoterapeuttisalonen.fi\/#organization\"},\"potentialAction\":[{\"@type\":\"SearchAction\",\"target\":{\"@type\":\"EntryPoint\",\"urlTemplate\":\"https:\/\/psykoterapeuttisalonen.fi\/?s={search_term_string}\"},\"query-input\":{\"@type\":\"PropertyValueSpecification\",\"valueRequired\":true,\"valueName\":\"search_term_string\"}}],\"inLanguage\":\"fi\"},{\"@type\":\"Organization\",\"@id\":\"https:\/\/psykoterapeuttisalonen.fi\/#organization\",\"name\":\"Psykoterapeutti Sari Salonen\",\"url\":\"https:\/\/psykoterapeuttisalonen.fi\/\",\"logo\":{\"@type\":\"ImageObject\",\"inLanguage\":\"fi\",\"@id\":\"https:\/\/psykoterapeuttisalonen.fi\/#\/schema\/logo\/image\/\",\"url\":\"https:\/\/psykoterapeuttisalonen.fi\/wp-content\/uploads\/2024\/09\/cropped-sarisalonenlogo.png\",\"contentUrl\":\"https:\/\/psykoterapeuttisalonen.fi\/wp-content\/uploads\/2024\/09\/cropped-sarisalonenlogo.png\",\"width\":684,\"height\":239,\"caption\":\"Psykoterapeutti Sari Salonen\"},\"image\":{\"@id\":\"https:\/\/psykoterapeuttisalonen.fi\/#\/schema\/logo\/image\/\"}}]}<\/script>\n<!-- \/ Yoast SEO plugin. -->","yoast_head_json":{"title":"Psykoterapia ja ty\u00f6nohjaus Sari Salonen - Psykoterapeutti Sari Salonen","robots":{"index":"index","follow":"follow","max-snippet":"max-snippet:-1","max-image-preview":"max-image-preview:large","max-video-preview":"max-video-preview:-1"},"canonical":"https:\/\/psykoterapeuttisalonen.fi\/","og_locale":"fi_FI","og_type":"article","og_title":"Psykoterapia ja ty\u00f6nohjaus Sari Salonen - Psykoterapeutti Sari Salonen","og_description":"traumapsykoterapeutti, erityistaso VALVIRAN hyv\u00e4ksynt\u00e4 ja rekister\u00f6inti KELA-p\u00e4tevyys, kuntoutuspsykoterapian palveluntuottaja Orientaatioltani olen yksil\u00f6ty\u00f6t\u00e4 tekev\u00e4 traumapsykoterapeutti, vastaanotan nuoria ja aikuisia. Tarjoan p\u00e4\u00e4osin pitk\u00e4kestoista psykoterapiaa, mutta my\u00f6s lyhyempi\u00e4 psykoterapioita tai kriisihoitoja \/ selvittelyit\u00e4 esim. el\u00e4m\u00e4n kriisitilanteissa. Ty\u00f6nohjausta tarjoan terveydenhuollon ja sosiaalialan ammattihenkil\u00f6ille. Yksityisen\u00e4 psykoterapeuttina omalla vastaanotollani olen toiminut vuodesta 2005, sit\u00e4 edelt\u00e4v\u00e4sti taustallani on yli 15 vuoden kokemus psykiatrisesta hoitoty\u00f6st\u00e4. Yhteystiedot vastaanotto osoitteessa:Yliopistonkatu 24B2520100 Turkup. 040 7340 520e-mail: salonensari@dnainternet.netVastaanotto vain ajanvarauksella.","og_url":"https:\/\/psykoterapeuttisalonen.fi\/","og_site_name":"Psykoterapeutti Sari Salonen","article_modified_time":"2024-09-11T19:17:54+00:00","og_image":[{"url":"https:\/\/psykoterapeuttisalonen.fi\/wp-content\/uploads\/2024\/09\/psykoterapeuttisalonen-274x300.jpg"}],"twitter_card":"summary_large_image","schema":{"@context":"https:\/\/schema.org","@graph":[{"@type":"WebPage","@id":"https:\/\/psykoterapeuttisalonen.fi\/","url":"https:\/\/psykoterapeuttisalonen.fi\/","name":"Psykoterapia ja ty\u00f6nohjaus Sari Salonen - Psykoterapeutti Sari Salonen","isPartOf":{"@id":"https:\/\/psykoterapeuttisalonen.fi\/#website"},"primaryImageOfPage":{"@id":"https:\/\/psykoterapeuttisalonen.fi\/#primaryimage"},"image":{"@id":"https:\/\/psykoterapeuttisalonen.fi\/#primaryimage"},"thumbnailUrl":"https:\/\/psykoterapeuttisalonen.fi\/wp-content\/uploads\/2024\/09\/psykoterapeuttisalonen-274x300.jpg","datePublished":"2024-09-11T16:13:10+00:00","dateModified":"2024-09-11T19:17:54+00:00","breadcrumb":{"@id":"https:\/\/psykoterapeuttisalonen.fi\/#breadcrumb"},"inLanguage":"fi","potentialAction":[{"@type":"ReadAction","target":["https:\/\/psykoterapeuttisalonen.fi\/"]}]},{"@type":"ImageObject","inLanguage":"fi","@id":"https:\/\/psykoterapeuttisalonen.fi\/#primaryimage","url":"https:\/\/psykoterapeuttisalonen.fi\/wp-content\/uploads\/2024\/09\/psykoterapeuttisalonen.jpg","contentUrl":"https:\/\/psykoterapeuttisalonen.fi\/wp-content\/uploads\/2024\/09\/psykoterapeuttisalonen.jpg","width":1000,"height":1096},{"@type":"BreadcrumbList","@id":"https:\/\/psykoterapeuttisalonen.fi\/#breadcrumb","itemListElement":[{"@type":"ListItem","position":1,"name":"Etusivu","item":"https:\/\/psykoterapeuttisalonen.fi\/"},{"@type":"ListItem","position":2,"name":"Psykoterapia ja ty\u00f6nohjaus Sari Salonen"}]},{"@type":"WebSite","@id":"https:\/\/psykoterapeuttisalonen.fi\/#website","url":"https:\/\/psykoterapeuttisalonen.fi\/","name":"Psykoterapeutti Sari Salonen","description":"","publisher":{"@id":"https:\/\/psykoterapeuttisalonen.fi\/#organization"},"potentialAction":[{"@type":"SearchAction","target":{"@type":"EntryPoint","urlTemplate":"https:\/\/psykoterapeuttisalonen.fi\/?s={search_term_string}"},"query-input":{"@type":"PropertyValueSpecification","valueRequired":true,"valueName":"search_term_string"}}],"inLanguage":"fi"},{"@type":"Organization","@id":"https:\/\/psykoterapeuttisalonen.fi\/#organization","name":"Psykoterapeutti Sari Salonen","url":"https:\/\/psykoterapeuttisalonen.fi\/","logo":{"@type":"ImageObject","inLanguage":"fi","@id":"https:\/\/psykoterapeuttisalonen.fi\/#\/schema\/logo\/image\/","url":"https:\/\/psykoterapeuttisalonen.fi\/wp-content\/uploads\/2024\/09\/cropped-sarisalonenlogo.png","contentUrl":"https:\/\/psykoterapeuttisalonen.fi\/wp-content\/uploads\/2024\/09\/cropped-sarisalonenlogo.png","width":684,"height":239,"caption":"Psykoterapeutti Sari Salonen"},"image":{"@id":"https:\/\/psykoterapeuttisalonen.fi\/#\/schema\/logo\/image\/"}}]}},"_links":{"self":[{"href":"https:\/\/psykoterapeuttisalonen.fi\/index.php\/wp-json\/wp\/v2\/pages\/2","targetHints":{"allow":["GET"]}}],"collection":[{"href":"https:\/\/psykoterapeuttisalonen.fi\/index.php\/wp-json\/wp\/v2\/pages"}],"about":[{"href":"https:\/\/psykoterapeuttisalonen.fi\/index.php\/wp-json\/wp\/v2\/types\/page"}],"author":[{"embeddable":true,"href":"https:\/\/psykoterapeuttisalonen.fi\/index.php\/wp-json\/wp\/v2\/users\/1"}],"replies":[{"embeddable":true,"href":"https:\/\/psykoterapeuttisalonen.fi\/index.php\/wp-json\/wp\/v2\/comments?post=2"}],"version-history":[{"count":34,"href":"https:\/\/psykoterapeuttisalonen.fi\/index.php\/wp-json\/wp\/v2\/pages\/2\/revisions"}],"predecessor-version":[{"id":82,"href":"https:\/\/psykoterapeuttisalonen.fi\/index.php\/wp-json\/wp\/v2\/pages\/2\/revisions\/82"}],"wp:attachment":[{"href":"https:\/\/psykoterapeuttisalonen.fi\/index.php\/wp-json\/wp\/v2\/media?parent=2"}],"curies":[{"name":"wp","href":"https:\/\/api.w.org\/{rel}","templated":true}]}}